{"id":3036,"date":"2026-04-27T11:45:10","date_gmt":"2026-04-27T14:45:10","guid":{"rendered":"https:\/\/esbagomezclara-cba.infd.edu.ar\/sitio\/?page_id=3036"},"modified":"2026-04-27T11:45:12","modified_gmt":"2026-04-27T14:45:12","slug":"sala-de-exposiciones-antonio-arborio-2","status":"publish","type":"page","link":"https:\/\/esbagomezclara-cba.infd.edu.ar\/sitio\/sala-de-exposiciones-antonio-arborio-2\/","title":{"rendered":"Sala de exposiciones Antonio Arborio"},"content":{"rendered":"\n<p>Es el coraz\u00f3n de la producci\u00f3n visual de nuestra instituci\u00f3n. Nombrada en honor a nuestro fundador, esta sala funciona como un laboratorio de exhibici\u00f3n donde conviven el arte tradicional y las nuevas narrativas tecnol\u00f3gicas. Un espacio abierto a la comunidad de Villa Mar\u00eda que vincula el proceso acad\u00e9mico con el circuito profesional del arte y el dise\u00f1o. Convocatorias abiertas todo el a\u00f1o <a href=\"https:\/\/forms.gle\/66swAc8o61oYRj4A7\" data-type=\"URL\" data-id=\"https:\/\/forms.gle\/66swAc8o61oYRj4A7\">CLICK AQUI<\/a><\/p>\n\n\n\n<figure class=\"wp-block-image size-full\"><img decoding=\"async\" loading=\"lazy\" width=\"1000\" height=\"600\" src=\"https:\/\/esbagomezclara-cba.infd.edu.ar\/sitio\/wp-content\/uploads\/2026\/04\/sala.png\" alt=\"\" class=\"wp-image-3037\" srcset=\"https:\/\/esbagomezclara-cba.infd.edu.ar\/sitio\/wp-content\/uploads\/2026\/04\/sala.png 1000w, https:\/\/esbagomezclara-cba.infd.edu.ar\/sitio\/wp-content\/uploads\/2026\/04\/sala-768x461.png 768w\" sizes=\"(max-width: 1000px) 100vw, 1000px\" \/><\/figure>\n","protected":false},"excerpt":{"rendered":"<p>Es el coraz\u00f3n de la producci\u00f3n visual de nuestra instituci\u00f3n. Nombrada en honor a nuestro fundador, esta sala funciona como un laboratorio de exhibici\u00f3n donde conviven el arte tradicional y las nuevas narrativas tecnol\u00f3gicas. Un espacio abierto a la comunidad de Villa Mar\u00eda que vincula el proceso acad\u00e9mico con el circuito profesional del arte y &#8230; <a title=\"Sala de exposiciones Antonio Arborio\" class=\"read-more\" href=\"https:\/\/esbagomezclara-cba.infd.edu.ar\/sitio\/sala-de-exposiciones-antonio-arborio-2\/\" aria-label=\"More on Sala de exposiciones Antonio Arborio\">[+]<\/a><\/p>\n","protected":false},"author":208,"featured_media":0,"parent":0,"menu_order":0,"comment_status":"closed","ping_status":"closed","template":"","meta":[],"acf":[],"_links":{"self":[{"href":"https:\/\/esbagomezclara-cba.infd.edu.ar\/sitio\/wp-json\/wp\/v2\/pages\/3036"}],"collection":[{"href":"https:\/\/esbagomezclara-cba.infd.edu.ar\/sitio\/wp-json\/wp\/v2\/pages"}],"about":[{"href":"https:\/\/esbagomezclara-cba.infd.edu.ar\/sitio\/wp-json\/wp\/v2\/types\/page"}],"author":[{"embeddable":true,"href":"https:\/\/esbagomezclara-cba.infd.edu.ar\/sitio\/wp-json\/wp\/v2\/users\/208"}],"replies":[{"embeddable":true,"href":"https:\/\/esbagomezclara-cba.infd.edu.ar\/sitio\/wp-json\/wp\/v2\/comments?post=3036"}],"version-history":[{"count":1,"href":"https:\/\/esbagomezclara-cba.infd.edu.ar\/sitio\/wp-json\/wp\/v2\/pages\/3036\/revisions"}],"predecessor-version":[{"id":3038,"href":"https:\/\/esbagomezclara-cba.infd.edu.ar\/sitio\/wp-json\/wp\/v2\/pages\/3036\/revisions\/3038"}],"wp:attachment":[{"href":"https:\/\/esbagomezclara-cba.infd.edu.ar\/sitio\/wp-json\/wp\/v2\/media?parent=3036"}],"curies":[{"name":"wp","href":"https:\/\/api.w.org\/{rel}","templated":true}]}}