{"id":788,"date":"2018-06-28T17:01:12","date_gmt":"2018-06-28T20:01:12","guid":{"rendered":"https:\/\/esbagomezclara-cba.infd.edu.ar\/sitio\/tec-sup-en-diseno-de-indumentaria-y-complementos-a-termino\/"},"modified":"2018-12-19T23:17:26","modified_gmt":"2018-12-20T02:17:26","slug":"tec-sup-en-diseno-de-indumentaria-y-complementos-a-termino","status":"publish","type":"page","link":"https:\/\/esbagomezclara-cba.infd.edu.ar\/sitio\/tec-sup-en-diseno-de-indumentaria-y-complementos-a-termino\/","title":{"rendered":"Tecnicatura Superior en Dise\u00f1o de Indumentaria y Complementos"},"content":{"rendered":"<p><b>Duraci\u00f3n<\/b>: 3 a\u00f1os.<\/p>\n<p><b>Campo profesional<\/b>: Los egresados de esta carrera est\u00e1n capacitados para producir y dise\u00f1ar independientemente colecciones de indumentaria y complementos de autor, colecciones de indumentaria y complementos para beb\u00e9s, adolescentes y adultos, dise\u00f1ar productos de indumentaria para empresas e instituciones y gestionar eventos y desfiles.<\/p>\n<p><strong>Condiciones de ingreso:<\/strong> Secundario o Ciclo de Especializaci\u00f3n completo.<span class=\"Apple-converted-space\">\u00a0<\/span><\/p>\n<p><strong>Instancia de Ingreso obligatoria<\/strong> (no eliminatoria).<\/p>\n<p><em><strong>T\u00edtulos oficiales con validez provincial y nacional.<\/strong><\/em><\/p>\n<p style=\"text-align: center;\"><iframe loading=\"lazy\" src=\"https:\/\/www.youtube.com\/embed\/eZaQ6rj3NBs\" width=\"560\" height=\"315\" frameborder=\"0\" allowfullscreen=\"allowfullscreen\"><\/iframe><\/p>\n<p><strong>Plan de estudios:<\/strong><\/p>\n<p><img decoding=\"async\" loading=\"lazy\" class=\"alignnone size-medium wp-image-874 aligncenter\" src=\"https:\/\/esbagomezclara-cba.infd.edu.ar\/sitio\/wp-content\/uploads\/2018\/12\/diseno-curricular-indumentaria-1000x461.jpg\" alt=\"\" width=\"1000\" height=\"461\" srcset=\"https:\/\/esbagomezclara-cba.infd.edu.ar\/sitio\/wp-content\/uploads\/2018\/12\/diseno-curricular-indumentaria-1000x461.jpg 1000w, https:\/\/esbagomezclara-cba.infd.edu.ar\/sitio\/wp-content\/uploads\/2018\/12\/diseno-curricular-indumentaria-768x354.jpg 768w, https:\/\/esbagomezclara-cba.infd.edu.ar\/sitio\/wp-content\/uploads\/2018\/12\/diseno-curricular-indumentaria.jpg 1655w\" sizes=\"(max-width: 1000px) 100vw, 1000px\" \/><\/p>\n<p>&nbsp;<\/p>\n","protected":false},"excerpt":{"rendered":"<p>Duraci\u00f3n: 3 a\u00f1os. Campo profesional: Los egresados de esta carrera est\u00e1n capacitados para producir y dise\u00f1ar independientemente colecciones de indumentaria y complementos de autor, colecciones de indumentaria y complementos para beb\u00e9s, adolescentes y adultos, dise\u00f1ar productos de indumentaria para empresas e instituciones y gestionar eventos y desfiles. Condiciones de ingreso: Secundario o Ciclo de Especializaci\u00f3n &#8230; <a title=\"Tecnicatura Superior en Dise\u00f1o de Indumentaria y Complementos\" class=\"read-more\" href=\"https:\/\/esbagomezclara-cba.infd.edu.ar\/sitio\/tec-sup-en-diseno-de-indumentaria-y-complementos-a-termino\/\" aria-label=\"More on Tecnicatura Superior en Dise\u00f1o de Indumentaria y Complementos\">[+]<\/a><\/p>\n","protected":false},"author":210,"featured_media":0,"parent":0,"menu_order":0,"comment_status":"closed","ping_status":"closed","template":"","meta":[],"acf":[],"_links":{"self":[{"href":"https:\/\/esbagomezclara-cba.infd.edu.ar\/sitio\/wp-json\/wp\/v2\/pages\/788"}],"collection":[{"href":"https:\/\/esbagomezclara-cba.infd.edu.ar\/sitio\/wp-json\/wp\/v2\/pages"}],"about":[{"href":"https:\/\/esbagomezclara-cba.infd.edu.ar\/sitio\/wp-json\/wp\/v2\/types\/page"}],"author":[{"embeddable":true,"href":"https:\/\/esbagomezclara-cba.infd.edu.ar\/sitio\/wp-json\/wp\/v2\/users\/210"}],"replies":[{"embeddable":true,"href":"https:\/\/esbagomezclara-cba.infd.edu.ar\/sitio\/wp-json\/wp\/v2\/comments?post=788"}],"version-history":[{"count":3,"href":"https:\/\/esbagomezclara-cba.infd.edu.ar\/sitio\/wp-json\/wp\/v2\/pages\/788\/revisions"}],"predecessor-version":[{"id":879,"href":"https:\/\/esbagomezclara-cba.infd.edu.ar\/sitio\/wp-json\/wp\/v2\/pages\/788\/revisions\/879"}],"wp:attachment":[{"href":"https:\/\/esbagomezclara-cba.infd.edu.ar\/sitio\/wp-json\/wp\/v2\/media?parent=788"}],"curies":[{"name":"wp","href":"https:\/\/api.w.org\/{rel}","templated":true}]}}