{"id":890,"date":"2018-12-19T23:31:02","date_gmt":"2018-12-20T02:31:02","guid":{"rendered":"https:\/\/esbagomezclara-cba.infd.edu.ar\/sitio\/?page_id=890"},"modified":"2022-03-10T15:30:13","modified_gmt":"2022-03-10T18:30:13","slug":"artistica","status":"publish","type":"page","link":"https:\/\/esbagomezclara-cba.infd.edu.ar\/sitio\/artistica\/","title":{"rendered":"Art\u00edstica"},"content":{"rendered":"<p><b>(Tres niveles con un a\u00f1o de duraci\u00f3n cada uno)<\/b><\/p>\n<p>Estudio y aplicaci\u00f3n de t\u00e9cnicas de construcci\u00f3n como chorizo, planchas, colada y prensado sobre moldes, t\u00e9cnicas decorativas tales como engobes (bru\u00f1idos), esgrafiados, \u00f3xidos (patinas) y esmaltes; aplicado a esculturas, murales, cuadros bajo relieve y\/o alto relieve.<\/p>\n<p><img decoding=\"async\" loading=\"lazy\" class=\"wp-image-1666 aligncenter\" src=\"https:\/\/esbagomezclara-cba.infd.edu.ar\/sitio\/wp-content\/uploads\/2021\/03\/WhatsApp-Image-2021-03-26-at-09.09.04-1-copia-1000x1000.jpeg\" alt=\"\" width=\"793\" height=\"793\" srcset=\"https:\/\/esbagomezclara-cba.infd.edu.ar\/sitio\/wp-content\/uploads\/2021\/03\/WhatsApp-Image-2021-03-26-at-09.09.04-1-copia-1000x1000.jpeg 1000w, https:\/\/esbagomezclara-cba.infd.edu.ar\/sitio\/wp-content\/uploads\/2021\/03\/WhatsApp-Image-2021-03-26-at-09.09.04-1-copia-500x500.jpeg 500w, https:\/\/esbagomezclara-cba.infd.edu.ar\/sitio\/wp-content\/uploads\/2021\/03\/WhatsApp-Image-2021-03-26-at-09.09.04-1-copia-768x768.jpeg 768w, https:\/\/esbagomezclara-cba.infd.edu.ar\/sitio\/wp-content\/uploads\/2021\/03\/WhatsApp-Image-2021-03-26-at-09.09.04-1-copia.jpeg 1080w\" sizes=\"(max-width: 793px) 100vw, 793px\" \/><\/p>\n<p style=\"text-align: center;\"><strong>EL COMIENZO DE LAS CLASES DE LOS TALLERES DE MODALIDAD PRESENCIAL\u00a0 SER\u00c1 LA SEMANA DEL 21 DE MARZO DE 2022 RESPETANDO EL D\u00cdA Y LOS HORARIOS DE CURSADO DE LOS TALLERES EN QUE SE HAN INSCRIPTO.<\/strong><\/p>\n<p style=\"text-align: center;\"><strong style=\"text-align: center;\">LOS HORARIOS DE CURSADO SER\u00c1N SUBIDOS EL D\u00cdA 14 DE MARZO. <\/strong><\/p>\n<p style=\"text-align: center;\"><strong style=\"text-align: center;\">DESDE YA MUCHAS GRACIAS.\u00a0<\/strong><\/p>\n<p style=\"text-align: center;\"><strong>SALUDOS<\/strong><\/p>\n<p style=\"text-align: center;\"><strong> ESBA<\/strong><\/p>\n<p style=\"text-align: center;\"><strong>Inscripciones e informes en el horario de 8:00 hs\u00a0 a 12 hs y de 13:00 hs a 18:00hs\u00a0 a: 0353-4533695<\/strong><\/p>\n<p style=\"text-align: center;\">e mail: bellasartes.coordinacion@gmail.com \/ bellasartes.nivelmedio@gmail.com<\/p>\n<p style=\"text-align: center;\"><strong>Rawson 1651 &#8211; Villa Mar\u00eda &#8211; C\u00f3rdoba<\/strong><\/p>\n<p style=\"text-align: center;\">\n","protected":false},"excerpt":{"rendered":"<p>(Tres niveles con un a\u00f1o de duraci\u00f3n cada uno) Estudio y aplicaci\u00f3n de t\u00e9cnicas de construcci\u00f3n como chorizo, planchas, colada y prensado sobre moldes, t\u00e9cnicas decorativas tales como engobes (bru\u00f1idos), esgrafiados, \u00f3xidos (patinas) y esmaltes; aplicado a esculturas, murales, cuadros bajo relieve y\/o alto relieve. EL COMIENZO DE LAS CLASES DE LOS TALLERES DE MODALIDAD &#8230; <a title=\"Art\u00edstica\" class=\"read-more\" href=\"https:\/\/esbagomezclara-cba.infd.edu.ar\/sitio\/artistica\/\" aria-label=\"More on Art\u00edstica\">[+]<\/a><\/p>\n","protected":false},"author":208,"featured_media":0,"parent":0,"menu_order":0,"comment_status":"closed","ping_status":"closed","template":"","meta":[],"acf":[],"_links":{"self":[{"href":"https:\/\/esbagomezclara-cba.infd.edu.ar\/sitio\/wp-json\/wp\/v2\/pages\/890"}],"collection":[{"href":"https:\/\/esbagomezclara-cba.infd.edu.ar\/sitio\/wp-json\/wp\/v2\/pages"}],"about":[{"href":"https:\/\/esbagomezclara-cba.infd.edu.ar\/sitio\/wp-json\/wp\/v2\/types\/page"}],"author":[{"embeddable":true,"href":"https:\/\/esbagomezclara-cba.infd.edu.ar\/sitio\/wp-json\/wp\/v2\/users\/208"}],"replies":[{"embeddable":true,"href":"https:\/\/esbagomezclara-cba.infd.edu.ar\/sitio\/wp-json\/wp\/v2\/comments?post=890"}],"version-history":[{"count":11,"href":"https:\/\/esbagomezclara-cba.infd.edu.ar\/sitio\/wp-json\/wp\/v2\/pages\/890\/revisions"}],"predecessor-version":[{"id":1978,"href":"https:\/\/esbagomezclara-cba.infd.edu.ar\/sitio\/wp-json\/wp\/v2\/pages\/890\/revisions\/1978"}],"wp:attachment":[{"href":"https:\/\/esbagomezclara-cba.infd.edu.ar\/sitio\/wp-json\/wp\/v2\/media?parent=890"}],"curies":[{"name":"wp","href":"https:\/\/api.w.org\/{rel}","templated":true}]}}